{"id":226,"date":"2011-09-04T10:36:55","date_gmt":"2011-09-04T09:36:55","guid":{"rendered":"https:\/\/bodiljonsson.se\/blog\/?page_id=226"},"modified":"2011-09-10T12:41:03","modified_gmt":"2011-09-10T11:41:03","slug":"10-existentiella-perspektiv","status":"publish","type":"page","link":"https:\/\/bodiljonsson.se\/blog\/10-existentiella-perspektiv","title":{"rendered":"10. Existentiella perspektiv"},"content":{"rendered":"<p>\u00c4ven om m\u00e5nga (exempelvis Emmy Gut och Simone de Beauvoir) tidigare har t\u00e4nkt och skrivit om existentiella perspektiv p\u00e5 att bli och att vara gammal, beh\u00f6ver ocks\u00e5 tankar kring det existentiella hela tiden utvecklas. \u00c4ven om det finns eviga fr\u00e5gor, \u00e4r det glest mellan eviga svar &#8211; svaren p\u00e5verkas av samtiden. \u00c4ven om det nu som f\u00f6rr ofta \u00e4r delvis samma p\u00e5frestningar som driver fram existentiella funderingar (pensionering, kroppens f\u00f6rfall, v\u00e4nners d\u00f6d, sjukdomar, etc), s\u00e5 g\u00f6r det skillnad att vi nu har s\u00e5 i grunden annorlunda m\u00f6jligheter att <em>utveckla oss <\/em>ocks\u00e5 n\u00e4r vi blir gamla.<\/p>\n<p>N\u00e4r jag f\u00f6r ett halv\u00e5r sedan hade en serie f\u00f6rel\u00e4sningar om \u201dHur l\u00e4r man sig bli gammal?\u201d, fick jag m\u00e5nga f\u00f6rhandsfr\u00e5gor av typ: \u201dMen Bodil, jag <em>vill <\/em>ju inte bli gammal och jag vill inte vara gammal, s\u00e5 varf\u00f6r skall jag d\u00e5 l\u00e4ra mig det?!\u201d I grunden en djupt tragisk fr\u00e5ga (vilket \u00e4r alternativet?!) men \u00e4nd\u00e5 en bra fr\u00e5ga, f\u00f6r den st\u00e4ller ju p\u00e5 sin spets varf\u00f6r man skall erk\u00e4nna samtliga \u00e5rsringar, \u00e4ven de senaste, och f\u00f6rs\u00f6ka dra nytta och ha gl\u00e4dje av dem alla, var f\u00f6r sig och blandade. Det \u00e4r som om detta handlar om livet sj\u00e4lvt, om dig sj\u00e4lv i f\u00f6r\u00e4ndring och om din kanske st\u00f6rsta livsuppgift: att komma underfund med vad livet \u201d\u00e4r\u201d, hela livet, och den version av det som du gjorde till din.\u00a0<\/p>\n<p><strong>80+<br \/>\n<\/strong>Jag fick m\u00e5nga stora fr\u00e5gor i Almedalen i somras &#8211; fr\u00e5gor som egentligen g\u00f6r mig svarsl\u00f6s (&#8221;vem \u00e4r jag att kunna svara p\u00e5 detta?&#8221;). Improviserade svar i stunden kan g\u00f6ra ocks\u00e5 mig sj\u00e4lv f\u00f6rv\u00e5nad. En av alla fr\u00e5gor kom fr\u00e5n en kvinna med pigga \u00f6gon och fokuserad blick. Hon sa: &#8221;\u00a0jag har sk\u00f6tt mig helt enligt regelboken. Jag hade f\u00f6rst ett intensivt arbetsliv, sedan har jag haft ett engagerat pension\u00e4rsliv i R\u00f6da Korset och R\u00e4dda Barnen, jag har tagit hand om mina barnbarn och&#8230;\u00a0 Men nu \u00e4r jag liksom f\u00e4rdig med det ocks\u00e5. <em>Vad finns det d\u00e5 kvar f\u00f6r mig?&#8221;<\/em><strong><\/strong><\/p>\n<p>Och jag sa ungef\u00e4r:<\/p>\n<p>&#8221;Bra att du k\u00e4nner efter &#8211; att du m\u00e4rker att du nu \u00e4r f\u00e4rdig ocks\u00e5 med detta. Det finns ju tillf\u00e4llen i livet d\u00e5 man p\u00e5 n\u00e5got s\u00e4tt har kommit till v\u00e4gs \u00e4nde med det man h\u00e5ller p\u00e5 med. S\u00e5dana brott finns inte bara mellan barndom och ungdom, studier och arbetsliv, arbetsliv och pensionering &#8211; utan ocks\u00e5 senare i livet.<\/p>\n<p>Jag tror att den som \u00e4r 80 eller mer framf\u00f6r allt skulle kunna utveckla <em>det existentiella<\/em>. <em>Vad <\/em><strong><em>\u00e4r <\/em><\/strong><em>det att vara m\u00e4nniska? Och vem kan b\u00e4st <\/em><strong><em>utveckla <\/em><\/strong><em>vad det \u00e4r att vara m\u00e4nniska? <\/em>Knappast 10- eller 20-\u00e5ringen, inte heller 50-\u00e5ringen. Men den som \u00e4r 80 \u00e5r har med sig b\u00e5de barndom, ungdom, medel\u00e5lder, tidig \u00e5lderdom &#8211; och rimligen \u00e4r hon b\u00e4ttre \u00e4n n\u00e5gon annan p\u00e5 att hj\u00e4lpa b\u00e5de sig sj\u00e4lv och oss andra att komma till djupare insikter om vad det \u00e4r att vara m\u00e4nniska.&#8221;<\/p>\n<p>Faktum \u00e4r att jag tror att det \u00e4r s\u00e5 &#8211; ocks\u00e5 nu n\u00e4r jag skriver ner det h\u00e4r vid datorn och med m\u00f6jlighet till eftertanke. S\u00e5 stort tack f\u00f6r fr\u00e5gan!<\/p>\n<p><strong>Genom hela livet<br \/>\n<\/strong>Efter denna b\u00f6rjan utifr\u00e5n den sena \u00e5lderdomen vill jag sk\u00e4rsk\u00e5da tidigare delar av livet. Ingen period \u00e4r v\u00e4l egentligen s\u00e5 existentiell som ton\u00e5rstiden \u2013 d\u00e5 \u00e4r det ju som om man bara vr\u00e5lar ut sin grundfr\u00e5ga till universum: \u201dVem \u00e4r jag?\u201d. Sedan kommer alla de d\u00e4r \u00e5ren d\u00e5 man har s\u00e5 br\u00e5ttom med det existerande att man egentligen inte hinner med det existentiella. Det g\u00f6r likv\u00e4l nytta om man i begr\u00e4nsad utstr\u00e4ckning f\u00f6rm\u00e5r h\u00e5lla kvar kontakten med de existentiella fr\u00e5gorna.<\/p>\n<p>Inte minst viktiga \u00e4r de som f\u00f6rberedelse inf\u00f6r \u00e5lderdomen. Om du inte p\u00e5 djupet b\u00f6rjat hitta dig sj\u00e4lv dessf\u00f6rinnan, kan identitetsutpl\u00e5ningen g\u00e5 snabbt n\u00e4r omv\u00e4rlden glesar ut (genom pensionering, f\u00f6rtida flyttning till mindre boende, etc). En sj\u00e4lvbild som man f\u00e5tt fr\u00e4mst via omv\u00e4rlden och h\u00e4ndelser och utan egna existentiella eftertankar ger inte n\u00e5got \u00f6verfl\u00f6d p\u00e5 l\u00e5ngsiktigt h\u00e5llbara fixpunkter. \u00c4ven om jag har skrivit det tidigare (j\u00e4mf\u00f6r sidan 06) vill jag upprepa det h\u00e4r: <em>Tankar n\u00e5r inte l\u00e5ngt utan erfarenhet.<\/em> <em>Men erfarenhet n\u00e5r inte heller l\u00e5ngt utan tankar.<\/em> Fortg\u00e5ende existentiella reflexioner fungerar faktiskt som en mental livf\u00f6rs\u00e4kring \u2013 i den m\u00e5n en s\u00e5dan alls kan finnas.<strong><\/strong><\/p>\n<p>Utan en fast k\u00e4rna blir man oerh\u00f6rt s\u00e5rbar i sj\u00e4lva sin existens. Jag tycker mig ha sett m\u00e5nga m\u00e4nniskor som f\u00f6refaller g\u00e5 i st\u00e5 n\u00e4r de blir gamla, ja, redan vid 60+. Det \u00e4r s\u00e5 sorgligt \u2013 och ofta sker det troligen alldeles i on\u00f6dan. Det vi andra kan se \u00e4r ett f\u00f6r\u00e4ndrat utseende och ett annorlunda beteende, men vad de sj\u00e4lva upplever \u00e4r troligen att de f\u00e5tt ett f\u00f6r\u00e4ndrat inre, blivit av med drivkrafter och energi, \u00f6verg\u00e5tt till att <em>vara <\/em>sitt pension\u00e4rsskap. Men det \u00e4r faktiskt ingen lycklig utveckling om man anpassar sig till det och bara det, dag efter dag. Man m\u00e5ste ocks\u00e5 vara en <em>m\u00e4nniska, <\/em>med allt vad det inneb\u00e4r av att det m\u00e5ste f\u00e5 k\u00e4nnas att man lever.<\/p>\n<p><strong>Pensioneringens inverkan<br \/>\n<\/strong>Det som g\u00f6r en pensionering s\u00e5 utmanande \u00e4r inte bara den praktiska omst\u00e4llningen utan ocks\u00e5 dess existentiella och rituella dimension och djup. Det \u00e4r s\u00e4llan de inblandade v\u00e5gar r\u00f6ra vid de aspektrna. Lite skulle pensioneringen kunna j\u00e4mf\u00f6ras med de rituella \u00f6verg\u00e5ngarna fr\u00e5n barnliv\/ungdomsliv till vuxenliv: konfirmationer, studentexamina, etc. Medan dessa pekar fram\u00e5t, s\u00e4ger pensioneringen emellertid fr\u00e4mst \u201dtack och adj\u00f6, det var kul att ha dig h\u00e4r, men g\u00e5 nu hem med dig och visa dig inte mer h\u00e4r!\u201d Fast man s\u00e4ger ju inte s\u00e5: man s\u00e4ger att man nu \u00f6nskar den pensionerade att \u201df\u00e5 ha det lite bra\u201d. Hm. Med d\u00f6dens m\u00e4rkliga skugga \u00f6ver sig \u00e4r pensioneringen snarast en rit som m\u00e5nga vill f\u00f6rtr\u00e4nga. Man upplever en uppriven sj\u00e4lvbild och ett stort m\u00e5tt av existentiell os\u00e4kerhet i den egna existensen. Inte konstigt att depressioner ofta sl\u00e5r till.<\/p>\n<p>Har man en existentiell grund att st\u00e5 p\u00e5, f\u00e5r man det l\u00e4ttare. Har man inte det, f\u00e5r man b\u00f6rja arbeta p\u00e5 att skapa en s\u00e5dan och p\u00e5 att b\u00e4ttre f\u00f6rst\u00e5 sig sj\u00e4lv, sina \u00e5rsringar och vad det \u00e4r som g\u00f6r att detta som pockar p\u00e5 svar st\u00e4ndigt dyker upp. Du som \u00e4r intresserad av att k\u00e4nna efter: g\u00e5 till Birgitta Od\u00e9ns \u201dD\u00f6den och tr\u00f6sten\u201d, <a href=\"http:\/\/www.arkiv.certec.lth.se\/dok\/dodenochtrosten\/\">http:\/\/www.arkiv.certec.lth.se\/dok\/dodenochtrosten\/<\/a>, f\u00f6r att se om du kan k\u00e4nna igen dig i de m\u00e4nniskor som inf\u00f6r sin d\u00f6d hittade den st\u00f6rsta tr\u00f6sten i <em>att g\u00f6ra f\u00e4rdigt. \u00a0<\/em><\/p>\n<p>Allt gott<\/p>\n<p>Bodil<\/p>\n","protected":false},"excerpt":{"rendered":"<p>\u00c4ven om m\u00e5nga (exempelvis Emmy Gut och Simone de Beauvoir) tidigare har t\u00e4nkt och skrivit om existentiella perspektiv p\u00e5 att bli och att vara gammal, beh\u00f6ver ocks\u00e5 tankar kring det existentiella hela tiden utvecklas. \u00c4ven om det finns eviga fr\u00e5gor, &hellip;<\/p>\n<p class=\"read-more\"> <a class=\"more-link\" href=\"https:\/\/bodiljonsson.se\/blog\/10-existentiella-perspektiv\"> <span class=\"screen-reader-text\">10. Existentiella perspektiv<\/span> L\u00e4s mer &raquo;<\/a><\/p>\n","protected":false},"author":2,"featured_media":0,"parent":0,"menu_order":0,"comment_status":"open","ping_status":"open","template":"","meta":{"footnotes":""},"class_list":["post-226","page","type-page","status-publish","hentry"],"_links":{"self":[{"href":"https:\/\/bodiljonsson.se\/blog\/wp-json\/wp\/v2\/pages\/226","targetHints":{"allow":["GET"]}}],"collection":[{"href":"https:\/\/bodiljonsson.se\/blog\/wp-json\/wp\/v2\/pages"}],"about":[{"href":"https:\/\/bodiljonsson.se\/blog\/wp-json\/wp\/v2\/types\/page"}],"author":[{"embeddable":true,"href":"https:\/\/bodiljonsson.se\/blog\/wp-json\/wp\/v2\/users\/2"}],"replies":[{"embeddable":true,"href":"https:\/\/bodiljonsson.se\/blog\/wp-json\/wp\/v2\/comments?post=226"}],"version-history":[{"count":5,"href":"https:\/\/bodiljonsson.se\/blog\/wp-json\/wp\/v2\/pages\/226\/revisions"}],"predecessor-version":[{"id":295,"href":"https:\/\/bodiljonsson.se\/blog\/wp-json\/wp\/v2\/pages\/226\/revisions\/295"}],"wp:attachment":[{"href":"https:\/\/bodiljonsson.se\/blog\/wp-json\/wp\/v2\/media?parent=226"}],"curies":[{"name":"wp","href":"https:\/\/api.w.org\/{rel}","templated":true}]}}