{"id":218,"date":"2011-09-04T10:32:41","date_gmt":"2011-09-04T09:32:41","guid":{"rendered":"https:\/\/bodiljonsson.se\/blog\/?page_id=218"},"modified":"2011-09-08T12:51:59","modified_gmt":"2011-09-08T11:51:59","slug":"6-ta-inte-ut-alderdomen-i-forskott-och-se-den-inte-som-en","status":"publish","type":"page","link":"https:\/\/bodiljonsson.se\/blog\/6-ta-inte-ut-alderdomen-i-forskott-och-se-den-inte-som-en","title":{"rendered":"06. Att inte ta ut \u00e5lderdomarna i f\u00f6rskott"},"content":{"rendered":"<p>Om man hela tiden \u00e4r inriktad p\u00e5 nuet och dessutom drar in framtiden i det, blir den enda relevanta fr\u00e5gan: \u201dmen sen, d\u00e5?!\u201d En tid som v\u00e5r, <em>Pren\u00e4ssansen<\/em>, d\u00e4r man hela tiden tar ut f\u00f6reteelser i f\u00f6rskott, allts\u00e5 innan de \u00e4r f\u00f6dda (pre-n\u00e4ssans, f\u00f6re f\u00f6delsen) \u2013 en s\u00e5dan tid tappar sitt t\u00e5lamod. Inte bara genom den omedelbara behovstillfredsst\u00e4llelsen (att vi \u00e4ter innan vi \u00e4r hungriga och k\u00f6per saker innan vi har pengarna till det) utan ocks\u00e5 genom att vi tappar f\u00f6rm\u00e5gan att dr\u00f6mma. Dr\u00f6mmar och visioner kr\u00e4ver att framtiden f\u00e5r lov att finnas d\u00e4r framme, inte tvingas vara h\u00e4r och nu. Upp till kamp, allts\u00e5, f\u00f6r l\u00e4ngtansrymdens bevarande.\u00a0<\/p>\n<p><strong>Ett \u00f6vertag f\u00f6r \u00e4ldre?<br \/>\n<\/strong>Barn och unga har alltid haft sv\u00e5rt med t\u00e5lamodet, och fr\u00e5gan \u00e4r nu om vi gamla (p\u00e5 samma s\u00e4tt som \u00e4ldre m\u00e4nniskor gjorde f\u00f6rr) kan och vill utveckla v\u00e5rt. F\u00f6r v\u00e5r egen skull och f\u00f6r andras. Egentligen har vi ett \u00f6vertag: vi har f\u00f6ruts\u00e4ttningar att kunna bryta upp\u00a0Pren\u00e4ssansen genom att ingen <em>f\u00f6rv\u00e4ntar sig<\/em> av oss att vi skall vara snabba. Journalister pressar snabbheten som om det var det enda viktiga. F\u00f6retag och samh\u00e4lle och t o m utbildning f\u00f6rs\u00f6ker rationalisera ocks\u00e5 snabba upp och ta bort mellanrum. Och politiker uttalar sig innan de har hunnit t\u00e4nka efter. Hur skall vi kunna ha respekt f\u00f6r ledares t\u00e4mligen ytliga reflexioner efter\u00a0(maximalt) en kvarts bet\u00e4nketid, oftare 3 sekunders? <strong><\/strong><\/p>\n<p>Vilket gyllene utg\u00e5ngsl\u00e4ge f\u00f6r oss \u00e4ldre att skapa v\u00e5ra egna tankesmedjor. Sedan f\u00e5r vi f\u00f6rst\u00e5s st\u00e5 upp till bevis f\u00f6r att just vi kan ha n\u00e5got att tillf\u00f6ra, dels genom att vi har tid att vara eftert\u00e4nksamma, dels genom att vi redan har s\u00e5 mycket att utg\u00e5 fr\u00e5n och som vi redan t\u00e4nkt igenom.<\/p>\n<p><strong>Tankar n\u00e5r inte l\u00e5ngt utan erfarenheter &#8211; och erfarenheter n\u00e5r inte l\u00e5ngt utan tankar<\/strong><br \/>\nKan man egentligen veta innan man har provat? Ofta inte. Tankar n\u00e5r inte l\u00e5ngt utan erfarenhet. \u00c5 andra sidan n\u00e5r inte heller erfarenhet l\u00e5ngt utan tankar. Det \u00e4r bara <em>den bet\u00e4nkta erfarenheten<\/em> som kan r\u00e4cka till n\u00e5got ut\u00f6ver h\u00e4r och nu. Men den bet\u00e4nkta erfarenheten \u00e4r \u00e5 andra sidan guld v\u00e4rd.<\/p>\n<p><strong>V\u00e5ra egna \u00e5lderdomar<br \/>\n<\/strong>Ett bra till\u00e4mpningsexempel bort fr\u00e5n Pren\u00e4ssansen vore om vi b\u00f6rjade med v\u00e5r egen \u00e5lderdom \u2013 eller snarare de \u00e5lderdom<em>ar<\/em> som vi har, var och en. Ett kanske 30-\u00e5rigt intervall i livet\u00a0kan knappast betraktas som <em>ett. <\/em>Egentligen \u00e4r det inte s\u00e5 mycket som du som 60-\u00e5ring kan veta om hur du vill ha det n\u00e4r du \u00e4r 75, och det motsvarande g\u00e4ller f\u00f6r vad du som 75-\u00e5ringen kan veta om din kommande 90-\u00e5ring. T\u00e4nk bara efter \u2013 vad visste du som 15-\u00e5ring om din kommande 30-\u00e5ring eller som 30-\u00e5ring om din kommande 45-\u00e5ring?<\/p>\n<p>Det \u00e4r viktigt att l\u00e5ta det finnas ett <em>NU, <\/em>g\u00e4rna ett l\u00e5ngt NU (j\u00e4mf\u00f6r vad jag skriver i Horisont-boken om \u201dThe long now\u201d), och d\u00e4rtill ett <em>mellanrum <\/em>mellan nuet och framtiden, f\u00f6r det \u00e4r bara i mellanrummen vi kan g\u00f6ra <em>p\u00e5tr\u00e4ffanden, <\/em>och<em> <\/em>det \u00e4r bara i mellanrummen som det ryms <em>kreativitet. <\/em>Utan mellanrum, n\u00e4r allt ligger kloss an mot vartannat, blir livet ointressant, ja, rent ut sagt tr\u00e5kigt. Och det alldeles i on\u00f6dan.<\/p>\n<p><strong>En dag kan du inte g\u00f6ra si och s\u00e5 \u2013 men i dag kan du det!<br \/>\n<\/strong>Jantelagen har m\u00e5nga ansikten. Ett av dem \u00e4r varningarna f\u00f6r Stora Allfaran: \u201dS\u00e5 kan du v\u00e4l inte g\u00f6ra. Hur skulle det g\u00e5 om alla gjorde s\u00e5?!\u201d Svaret \u00e4r f\u00f6rst\u00e5s att det g\u00e5r alldeles utm\u00e4rkt \u2013 f\u00f6r alla G\u00d6R INTE S\u00c5. Det unika, det udda, det som bryter mot normen \u2013 det \u00e4r just ett undantag.<\/p>\n<p>Men Stora Allfaran-varningen \u00e4r f\u00f6rs\u00e5tlig f\u00f6r den kan l\u00e4tt f\u00e5 oss att k\u00e4nna oss osolidariska om vi vill prova n\u00e5got nytt. \u00c4nnu mer f\u00f6rs\u00e5tliga \u00e4r varningarna f\u00f6r Stora Allfaran om man utf\u00e4rdar dem \u00f6ver tid. Om den (i och f\u00f6r sig v\u00e4lmenande) 40-\u00e5riga dottern s\u00e4ger till sin 70-\u00e5riga mamma \u201dS\u00e5 kan du v\u00e4l inte g\u00f6ra?! Varf\u00f6r skaffar du dig inte en 2-rumsl\u00e4genhet nu \u2013 det blir ju s\u00e5 bra, i den kan du klara dig s\u00e5 bra i, livet ut, ocks\u00e5 n\u00e4r du \u00e4r 90!\u201d \u00e4r det l\u00e4tt h\u00e4nt att detta startar en hel l\u00e5ng tankekedja hos mamman. Hon <em>vet <\/em>i och f\u00f6r sig att hon sj\u00e4lv best\u00e4mmer i sitt eget liv \u2013 men <em>kan <\/em>hon faktiskt som 70-\u00e5ring ta ansvar f\u00f6r att skaffa sig en ny h\u00e4st nu n\u00e4r den gamla blivit f\u00f6r gammal? <em>JA, <\/em>det kan hon (och det har hon faktiskt ocks\u00e5 gjort). Sj\u00e4lv blev jag oerh\u00f6rt glad \u00f6ver det \u2013 liksom \u00f6ver den f\u00f6rel\u00e4snings\u00e5h\u00f6rare som str\u00e5lande efter en f\u00f6rel\u00e4sning sa\u00b4: \u201dnu skall jag skaffa mig en katt!\u201d<\/p>\n<p>Det h\u00e4r handlar om livet sj\u00e4lvt. Om det levande i livet. Hur g\u00e5r det med \u00e5lderdomen om man bara ser den som en enda visserligen l\u00e5ng med \u00e4nd\u00e5 meningsl\u00f6s f\u00f6rsvarsstrid med given utg\u00e5ng (d\u00f6den)? Jan Stenmark har gjort sitt till f\u00f6r att f\u00e5 oss att t\u00e4nka efter genom en bild p\u00e5 tv\u00e5 m\u00e4n som sitter och fiskar. Den ene s\u00e4ger till den andre: \u201dEn dag ska vi alla d\u00f6.\u201d Den andre svarar: \u201dAlla andra dagar ska vi det inte.\u201d<\/p>\n<p>Just s\u00e5: alla andra dagar skall vi det <em>inte<\/em>. Jag har till\u00e5tit mig att travestera Stenmark-bilden i mitt inre till n\u00e5got som jag tycker \u00e4r \u00e4nnu viktigare. P\u00e5 min &#8221;bild&#8221; s\u00e4ger den ene: \u201dEn dag kan du inte l\u00e4ngre g\u00f6ra s\u00e5.\u201d Och den andre svarar: \u201dAlla andra dagar kan jag det.\u201d Vad vi kan g\u00f6ra \u00e4r att f\u00f6rs\u00f6ka ta ansvar f\u00f6r v\u00e5ra liv s\u00e5dana som de \u00e4r <em>NU. <\/em>Inte ta ansvar f\u00f6r hur vi skall ha det som n\u00e5gon kommande \u00e4nnu ok\u00e4nd varelse i framtiden utan NU \u2013 i \u00e5r, kanske de n\u00e4rmaste \u00e5ren, inte om ett decennium eller tv\u00e5 eller tre.<\/p>\n<p><strong>Varning f\u00f6r fara!<\/strong><br \/>\nLivet kan bli till en enda depressionskuv\u00f6s om dug\u00f6r f\u00f6r tidiga anpassningar till ett ok\u00e4nt sedan. Och vad \u00e4nnu\u00a0v\u00e4rre \u00e4r: det \u00e4r inte alls s\u00e4kert att det blir bra d\u00e5 heller utifr\u00e5n den tidiga \u00e4ldrelivsanpassning du kanske gjort&#8230; \u00a0Det b\u00e4sta s\u00e4ttet att f\u00f6rbereda sig f\u00f6r den sena \u00e5lderdomen \u00e4r faktiskt att hela tiden s\u00e5 gott det g\u00e5r f\u00f6rs\u00f6ka leva i balans med sig sj\u00e4lv och med andra. I varenda fas. D\u00e5 finns det en chans att man kan n\u00e4rma sig ocks\u00e5 den allra sista fasen av livet som en fortfarande i sann bem\u00e4rkelse levande m\u00e4nniska. Som sluppit utvecklas till den \u201dsp\u00f6kstad\u201d som jag varnade f\u00f6r redan under 04. \u201dAtt byta <em>trots att<\/em> mot <em>just eftersom\u201d. <\/em><\/p>\n","protected":false},"excerpt":{"rendered":"<p>Om man hela tiden \u00e4r inriktad p\u00e5 nuet och dessutom drar in framtiden i det, blir den enda relevanta fr\u00e5gan: \u201dmen sen, d\u00e5?!\u201d En tid som v\u00e5r, Pren\u00e4ssansen, d\u00e4r man hela tiden tar ut f\u00f6reteelser i f\u00f6rskott, allts\u00e5 innan de &hellip;<\/p>\n<p class=\"read-more\"> <a class=\"more-link\" href=\"https:\/\/bodiljonsson.se\/blog\/6-ta-inte-ut-alderdomen-i-forskott-och-se-den-inte-som-en\"> <span class=\"screen-reader-text\">06. Att inte ta ut \u00e5lderdomarna i f\u00f6rskott<\/span> L\u00e4s mer &raquo;<\/a><\/p>\n","protected":false},"author":2,"featured_media":0,"parent":0,"menu_order":0,"comment_status":"open","ping_status":"open","template":"","meta":{"footnotes":""},"class_list":["post-218","page","type-page","status-publish","hentry"],"_links":{"self":[{"href":"https:\/\/bodiljonsson.se\/blog\/wp-json\/wp\/v2\/pages\/218","targetHints":{"allow":["GET"]}}],"collection":[{"href":"https:\/\/bodiljonsson.se\/blog\/wp-json\/wp\/v2\/pages"}],"about":[{"href":"https:\/\/bodiljonsson.se\/blog\/wp-json\/wp\/v2\/types\/page"}],"author":[{"embeddable":true,"href":"https:\/\/bodiljonsson.se\/blog\/wp-json\/wp\/v2\/users\/2"}],"replies":[{"embeddable":true,"href":"https:\/\/bodiljonsson.se\/blog\/wp-json\/wp\/v2\/comments?post=218"}],"version-history":[{"count":8,"href":"https:\/\/bodiljonsson.se\/blog\/wp-json\/wp\/v2\/pages\/218\/revisions"}],"predecessor-version":[{"id":279,"href":"https:\/\/bodiljonsson.se\/blog\/wp-json\/wp\/v2\/pages\/218\/revisions\/279"}],"wp:attachment":[{"href":"https:\/\/bodiljonsson.se\/blog\/wp-json\/wp\/v2\/media?parent=218"}],"curies":[{"name":"wp","href":"https:\/\/api.w.org\/{rel}","templated":true}]}}