{"id":214,"date":"2011-09-04T10:31:22","date_gmt":"2011-09-04T09:31:22","guid":{"rendered":"https:\/\/bodiljonsson.se\/blog\/?page_id=214"},"modified":"2011-09-09T10:08:55","modified_gmt":"2011-09-09T09:08:55","slug":"4-tank-inte-trots-att-jag-ar-gammal-oftare-handlar-det-om-tack-vare-att-jag-ar-gammal","status":"publish","type":"page","link":"https:\/\/bodiljonsson.se\/blog\/4-tank-inte-trots-att-jag-ar-gammal-oftare-handlar-det-om-tack-vare-att-jag-ar-gammal","title":{"rendered":"04. Att byta &#8221;trots att&#8221; mot &#8221;just eftersom&#8221;"},"content":{"rendered":"<p>Jag har b\u00f6rjat h\u00e4nga upp mig p\u00e5 alla dessa sammanhang d\u00e4r man s\u00e4ger &#8221;\u00c4VEN OM man \u00e4r \u00f6ver 90, kan man f\u00e5 ett glas vin till maten&#8221; (Sveriges Radio, P1) eller\u00a0 &#8221;TROTS h\u00f6g \u00e5lder och eventuell sjukdomsbild, har en\u00a0m\u00e4nniska r\u00e4tt till upplevelse, f\u00f6rst\u00e5else och r\u00e4tt till att bli sedd och lyssnad p\u00e5.&#8221; (kommunal verksamhet).<\/p>\n<p>Finns det n\u00e5gon som har R\u00c4TT till ett glas vin till maten, \u00e4r det v\u00e4l m\u00e4nniskor \u00f6ver 90 &#8211; det \u00e4r obegripligt att det ens beh\u00f6ver n\u00e4mnas. Och varf\u00f6r skulle r\u00e4tten till upplevelser, f\u00f6rst\u00e5else, existens, \u00e5terkoppling f\u00f6r \u00e4ldre diskuteras i termer av att &#8221;TROTS h\u00f6g \u00e5lder och eventuell sjukdomsbild har man r\u00e4tt till&#8230;&#8221;.<\/p>\n<p>P\u00e5 den h\u00e4r sidan t\u00e4nker jag inte sj\u00e4lv skriva s\u00e5 mycket &#8211; f\u00f6r jag tror mig kunna f\u00f6rutse m\u00e5nga exempel i kommentarerna. Men l\u00e5t mig \u00e4nd\u00e5 dela upp det h\u00e4r i tre kategorier: hur vi sj\u00e4lva t\u00e4nker om oss, hur andra t\u00e4nker om oss och hur det kan g\u00e5 med sj\u00e4lvbilden om vi tror att de tror att&#8230;<\/p>\n<p><strong>1. Hur vi sj\u00e4lva t\u00e4nker<br \/>\n<\/strong>&#8221;Vi \u00e4r i alla fall unga i sinnet&#8221;, stod det p\u00e5 ett kort som jag fick nyss. Det var positivt, det var v\u00e4lment &#8211; men \u00e4nd\u00e5 t\u00e4nker jag att s\u00e5dana uttryckss\u00e4tt bidrar till att f\u00f6rvrida synen p\u00e5 oss. Och s\u00e5 f\u00e5r det ocks\u00e5 de unga att ytterligare bef\u00e4stas i sin tro p\u00e5 att sedan blir det bara s\u00e4mre (en djupt tragisk syn p\u00e5 \u00e5ldrandet, en f\u00f6rest\u00e4llning\u00a0som de faktiskt borde slippa).<\/p>\n<p>Ju l\u00e4ngre vi sj\u00e4lva g\u00e5r i riktningen mot att f\u00f6rknippa <em>allt positivt med ungdomen <\/em>och <em>allt negativt med \u00e5ldrandet och \u00e5lderdomen &#8211; <\/em>desto l\u00e4ngre g\u00e5r vi i riktning mot att s\u00e4ga att &#8221;<em>trots att<\/em> jag \u00e4r s\u00e5 gammal,&#8230;&#8221;. Det \u00e4r stor skillnad mellan att t\u00e4nka s\u00e5 och att t\u00e4nka: &#8221;<em>Just <strong>eftersom <\/strong><\/em>jag \u00e4r s\u00e5 gammal, har jag oerh\u00f6rda m\u00f6jligheter att &#8230;&#8221;<\/p>\n<p>Den f\u00f6r\u00e4ndrade inst\u00e4llningen p\u00e5verkar en b\u00e5de i det lilla och i det stora, i vardagen och i det existentiella. Paulo Coelho skriver om \u00e5lderdomen: &#8221;Hur v\u00e5r \u00e5lderdom kommer att se ut beror p\u00e5 hur vi lever. Vi kan sluta som en sp\u00f6kstad eller som ett frikostigt tr\u00e4d, som forts\u00e4tter vara viktigt \u00e4ven n\u00e4r det inte l\u00e4ngre orkar st\u00e5.\u201d<\/p>\n<p>Givetvis vill ingen av oss utvecklas till en sp\u00f6kstad &#8211; till n\u00e5got som \u00e4r tomt och \u00f6vergivet. Men det kan \u00e4nd\u00e5 bli s\u00e5 om vi hela tiden markerar att <em>inte ens vi sj\u00e4lva vill vara d\u00e4r <\/em>utan f\u00f6redrar den &#8221;stad&#8221; som fanns f\u00f6rr, de m\u00e4nniskor som vi var f\u00f6rr,\u00a0de som var unga, de som var livet.\u00a0<\/p>\n<p>L\u00e5ter man sig v\u00e4gledas av hur det tr\u00e4d som inte\u00a0l\u00e4ngre orkar st\u00e5 \u00e4nd\u00e5 kan vara av v\u00e4rde, f\u00e5r man det mycket l\u00e4ttare. Sj\u00e4lvklart <em>vill <\/em>vi kunna st\u00e5 &#8211; men skulle vi falla, s\u00e5 blir det s\u00e5 mycket roligare om vi fortsatt kan f\u00e5 vara med, om vi fortsatt kan f\u00e5 vara frikostiga. Just <em>eftersom <\/em>vi \u00e4r s\u00e5 gamla &#8211;\u00a0och fortfarande <em>vid liv! <\/em>Fantastiskt.\u00a0<\/p>\n<p><strong>2. Hur andra t\u00e4nker<br \/>\n<\/strong>Det finns ett \u00e4rende hos Diskrimineringsombudsmannen om en man som f\u00f6rnekades tilltr\u00e4de till en restaurang f\u00f6r att han var s\u00e5 gammal&#8230; P\u00e5 den h\u00e4r bloggen har det kommit in ytterligare exempel, bl a fr\u00e5n ett par som i efterhand har b\u00f6rjat undra om de faktiskt tv\u00e5 g\u00e5nger blivit h\u00e4nvisade till bord d\u00e4r de inte skulle synas utifr\u00e5n. Kan det ha handlat om att i s\u00e5 fall andra g\u00e4ster kanske skulle bli bortskr\u00e4mda?<\/p>\n<p>Vi vill inte tro att s\u00e5dant h\u00e4nder &#8211; men det g\u00f6r faktiskt det. Det h\u00e4nder ocks\u00e5 i det lilla: veckotidningar begrundar med pannorna i djupa veck huruvida kvinnor \u00f6ver en viss \u00e5lder kan visa sig i bikini eller ens i baddr\u00e4kt. Och \u00f6msesidigheten \u00e4r bed\u00f6vande: det \u00e4r ofta \u00e4ldre kvinnor sj\u00e4lva som skriver och fr\u00e5gar&#8230;<\/p>\n<p>Det mesta \u00e4r dock obet\u00e4nkt. Som n\u00e4r SMHI:s hall\u00e5:a skulle ber\u00e4tta om\u00a0att orkanen Irene nu var p\u00e5 v\u00e4g mot Skandinavium. \u201dIrene \u00e4r dock f\u00f6rsvagad, som en pension\u00e4r&#8230;\u201d, sa hon, s\u00e4kert utan att fundera \u00f6ver vad hon sa. Muskul\u00e4rt \u00e4r det sant. Men om man g\u00f6r \u00e5lderstrappor \u00f6ver olika \u00e5ldersgruppers olika egenskaper, finns det inte s\u00e5 f\u00e5 utifr\u00e5n vilka hon kunde sagt: &#8221;Irene\u00a0har snarare tilltagit \u00e4n f\u00f6rsvagats &#8211; hon \u00e4r nu en riktig senior.&#8221;\u00a0\u00a0<\/p>\n<p>\u00c4ldrelandskapet \u00e4r blandat, och s\u00e5 \u00e4r relationslandskapet. Ocks\u00e5 i Sverige finns det kulturer som v\u00f6rdar sina \u00e4ldre och alldeles s\u00e4rskilt de \u00e4ldre kvinnorna. De \u00e4r definitivt alla festers medelpunkter, och de \u00e4r uppvuxna med att det \u00e4r s\u00e5dan utvecklingen \u00e4r och skall vara &#8211;\u00a0redan de sm\u00e5 barnen l\u00e4r sig att det \u00e4r s\u00e5 det \u00e4r,\u00a0och alla har f\u00f6rm\u00e5nen att se framf\u00f6r sig en utveckling som g\u00e5r mot det b\u00e4ttre vartefter som livet g\u00e5r sin g\u00e5ng.<\/p>\n<p><strong>3. Rundg\u00e5ngen<br \/>\n<\/strong>Dra nu f\u00f6r allt i v\u00e4rlden inte n\u00e5got gammalt \u00f6ver dig, sluta nu inte visa dig bland folk eftersom <em>du <\/em>kanske tror att <em>de <\/em>kanske tycker att <em>vi <\/em>\u00e4r alldeles f\u00f6r gamla&#8230; Det \u00e4r s\u00e5 destruktiva sj\u00e4lvbilder l\u00e4tt uppkommer. Det \u00e4r en helt annan sj\u00e4lvbild som\u00a0beh\u00f6ver v\u00e4xa fram &#8211; en i vilken vi \u00e4ldre utvecklar v\u00e5r medvetenhet om det oerh\u00f6rda privilegium som det ligger i att f\u00e5 lov att vara s\u00e5 gammal och fortsatt utvecklas som en levande varelse bland andra i olika \u00e5ldrar.<\/p>\n<p>Det m\u00e5ste faktiskt f\u00e5 <em>k\u00e4nnas\u00a0<\/em>att man lever. Just <em>eftersom <\/em>man \u00e4r gammal.<\/p>\n","protected":false},"excerpt":{"rendered":"<p>Jag har b\u00f6rjat h\u00e4nga upp mig p\u00e5 alla dessa sammanhang d\u00e4r man s\u00e4ger &#8221;\u00c4VEN OM man \u00e4r \u00f6ver 90, kan man f\u00e5 ett glas vin till maten&#8221; (Sveriges Radio, P1) eller\u00a0 &#8221;TROTS h\u00f6g \u00e5lder och eventuell sjukdomsbild, har en\u00a0m\u00e4nniska r\u00e4tt &hellip;<\/p>\n<p class=\"read-more\"> <a class=\"more-link\" href=\"https:\/\/bodiljonsson.se\/blog\/4-tank-inte-trots-att-jag-ar-gammal-oftare-handlar-det-om-tack-vare-att-jag-ar-gammal\"> <span class=\"screen-reader-text\">04. Att byta &#8221;trots att&#8221; mot &#8221;just eftersom&#8221;<\/span> L\u00e4s mer &raquo;<\/a><\/p>\n","protected":false},"author":2,"featured_media":0,"parent":0,"menu_order":0,"comment_status":"open","ping_status":"open","template":"","meta":{"footnotes":""},"class_list":["post-214","page","type-page","status-publish","hentry"],"_links":{"self":[{"href":"https:\/\/bodiljonsson.se\/blog\/wp-json\/wp\/v2\/pages\/214","targetHints":{"allow":["GET"]}}],"collection":[{"href":"https:\/\/bodiljonsson.se\/blog\/wp-json\/wp\/v2\/pages"}],"about":[{"href":"https:\/\/bodiljonsson.se\/blog\/wp-json\/wp\/v2\/types\/page"}],"author":[{"embeddable":true,"href":"https:\/\/bodiljonsson.se\/blog\/wp-json\/wp\/v2\/users\/2"}],"replies":[{"embeddable":true,"href":"https:\/\/bodiljonsson.se\/blog\/wp-json\/wp\/v2\/comments?post=214"}],"version-history":[{"count":12,"href":"https:\/\/bodiljonsson.se\/blog\/wp-json\/wp\/v2\/pages\/214\/revisions"}],"predecessor-version":[{"id":273,"href":"https:\/\/bodiljonsson.se\/blog\/wp-json\/wp\/v2\/pages\/214\/revisions\/273"}],"wp:attachment":[{"href":"https:\/\/bodiljonsson.se\/blog\/wp-json\/wp\/v2\/media?parent=214"}],"curies":[{"name":"wp","href":"https:\/\/api.w.org\/{rel}","templated":true}]}}