{"id":208,"date":"2011-09-04T10:26:49","date_gmt":"2011-09-04T09:26:49","guid":{"rendered":"https:\/\/bodiljonsson.se\/blog\/?page_id=208"},"modified":"2011-09-04T15:34:12","modified_gmt":"2011-09-04T14:34:12","slug":"1-arsringar-kvantitativt-och-kvalitativt","status":"publish","type":"page","link":"https:\/\/bodiljonsson.se\/blog\/1-arsringar-kvantitativt-och-kvalitativt","title":{"rendered":"01. \u00c5rsringar, kvalitativt och kvantitativt"},"content":{"rendered":"<p><span style=\"font-family: &quot;Calibri&quot;,&quot;sans-serif&quot;; color: black; font-size: 11pt; mso-ascii-theme-font: minor-latin; mso-hansi-theme-font: minor-latin;\">Vi m\u00e4nniskor har visserligen inte \u00e5rsringar p\u00e5 samma s\u00e4tt som tr\u00e4den \u2013 men l\u00e5t oss \u00e4nd\u00e5 prova att leka med tankkonstruktionen att ocks\u00e5 vi har \u00e5rsringar, immateriella s\u00e5dana. De \u00e4r inte bara statiska utan kan ocks\u00e5 v\u00e4xelverka med varandra. V\u00e5r yta visar visserligen bara upp den senaste \u00e5rsringen, men de andra finns med hela tiden och det \u00e4r de som ger m\u00e4nniskan hennes identitet och existens i en djupare bem\u00e4rkelse. <\/span><\/p>\n<p><strong style=\"mso-bidi-font-weight: normal;\"><span style=\"font-family: &quot;Calibri&quot;,&quot;sans-serif&quot;; color: black; font-size: 11pt; mso-ascii-theme-font: minor-latin; mso-hansi-theme-font: minor-latin;\">\u00c5rsringar och upplevd \u00e5lder<br \/>\n<\/span><\/strong><span style=\"font-family: &quot;Calibri&quot;,&quot;sans-serif&quot;; color: black; font-size: 11pt; mso-ascii-theme-font: minor-latin; mso-hansi-theme-font: minor-latin;\">\u00c5rsringarna medverkar till att m\u00e5nga av oss k\u00e4nner oss yngre \u00e4n vad vi \u201d\u00e4r\u201d. Inte f\u00f6r att d\u00e4rmed f\u00f6rs\u00f6ka f\u00f6rneka v\u00e5r \u00e5lder och spela yngre \u00e4n vad vi \u00e4r utan f\u00f6r att alla de erfarenhetsassociationer vi g\u00f6r g\u00e5r till upplevelser fr\u00e5n tidigare \u00e5rsringar. <strong style=\"mso-bidi-font-weight: normal;\"><br \/>\n<\/strong>Sj\u00e4lv har jag t\u00e4nkt i \u00e5rsringar s\u00e5 l\u00e4nge att mina egna hunnit bli till gestalter. Ibland tror jag mig h\u00f6ra Bodil, 40, prata med Bodil, 20. Inte s\u00e4llan \u00e4r det sp\u00e4nnande att f\u00e5 lyssna.<\/span><\/p>\n<p><span style=\"font-family: &quot;Calibri&quot;,&quot;sans-serif&quot;; color: black; font-size: 11pt; mso-ascii-theme-font: minor-latin; mso-hansi-theme-font: minor-latin;\"><\/span><strong style=\"mso-bidi-font-weight: normal;\"><span style=\"font-family: &quot;Calibri&quot;,&quot;sans-serif&quot;; font-size: 11pt; mso-ascii-theme-font: minor-latin; mso-hansi-theme-font: minor-latin;\">N\u00e4r \u00e5rsringarna vandrar<br \/>\n<\/span><\/strong><span style=\"font-family: &quot;Calibri&quot;,&quot;sans-serif&quot;; color: black; font-size: 11pt; mso-ascii-theme-font: minor-latin; mso-hansi-theme-font: minor-latin;\">N\u00e4r man blir gammal kan \u00e5rsringarna tr\u00e4nga sig p\u00e5 och vilja blanda sig p\u00e5 nya s\u00e4tt. Det \u00e4r en oerh\u00f6rt sp\u00e4nnande process som inte alls beh\u00f6ver handla om demens och ett tappat n\u00e4rminne utan \u201dbara\u201d kan bottna i en gener\u00f6s \u00f6ppenhet gentemot\u00a0hela livsbagaget. Vi har ju egentligen aldrig l\u00e4mnat barndomen men n\u00e4r vi blir gamla f\u00e5r den en lite st\u00f6rre chans att g\u00f6ra sig g\u00e4llande. Tidigare fick den acceptera att vara f\u00f6rtr\u00e4ngd eftersom vi\u00a0d\u00e5 s\u00e5 hektiskt m\u00e5ste f\u00f6rs\u00f6ka f\u00e5 ihop just den \u00e5rsring som d\u00e5 formades.<\/span><strong style=\"mso-bidi-font-weight: normal;\"><span style=\"font-family: &quot;Calibri&quot;,&quot;sans-serif&quot;; font-size: 11pt; mso-ascii-theme-font: minor-latin; mso-hansi-theme-font: minor-latin;\"><br \/>\n<\/span><\/strong><span style=\"font-family: &quot;Calibri&quot;,&quot;sans-serif&quot;; color: black; font-size: 11pt; mso-ascii-theme-font: minor-latin; mso-hansi-theme-font: minor-latin;\">Jag kommer tillbaka till n\u00e5gra av de positiva delarna av \u00e5rsringarnas vandrande under \u201d02. Man l\u00e4r sig ocks\u00e5 som gammal\u201d. H\u00e4r vill jag passa p\u00e5 att ta upp hur de tidiga \u00e5rsringarnas pockande p\u00e5 uppm\u00e4rksamhet ocks\u00e5 kan skapa sv\u00e5righeter, n\u00e4r man inte l\u00e4ngre kan v\u00e4rja sig mot tidiga trauman och sv\u00e5ra minnen. D\u00e5 beh\u00f6vs det sanna medm\u00e4nniskor runt omkring som st\u00f6d s\u00e5 att man orkar med det. Och s\u00e5 beh\u00f6vs det <em style=\"mso-bidi-font-style: normal;\">tid.<\/em><\/span><strong style=\"mso-bidi-font-weight: normal;\"><span style=\"font-family: &quot;Calibri&quot;,&quot;sans-serif&quot;; font-size: 11pt; mso-ascii-theme-font: minor-latin; mso-hansi-theme-font: minor-latin;\"><br \/>\n<\/span><\/strong><span style=\"font-family: &quot;Calibri&quot;,&quot;sans-serif&quot;; font-size: 11pt; mso-ascii-theme-font: minor-latin; mso-hansi-theme-font: minor-latin;\">Jag f\u00e5r m\u00e5nga brev och mail fr\u00e5n\u00a0j\u00e4mn\u00e5riga och \u00e4ldre\u00a0som inte riktigt kan v\u00e4rja sig mot sl\u00e4ktingar, v\u00e4nner och personal som s\u00e4ger &#8221;t\u00e4nk nu inte mer p\u00e5 det!&#8221; Man f\u00f6rst\u00e5r att yttrandet \u00e4r v\u00e4lment &#8211; att omv\u00e4rlden inte vill att man skall gr\u00e4va ner sig i sorger eller of\u00f6rr\u00e4tter eller tankar om hur det kunde varit \u201dom bara\u201d&#8230; Men samtidigt kan en av v\u00e5ra viktigaste uppgifter som gamla (f\u00f6r egen och andras skull) vara detta att bet\u00e4nka v\u00e5ra liv. Nya perspektiv kan komma upp som kanske\u00a0v\u00e4nder upp och ner p\u00e5 det man tidigare h\u00e5llit f\u00f6r r\u00e4tt och riktigt. Och det \u00e4r v\u00e4l klart att man d\u00e5 m\u00e5ste h\u00e5lla p\u00e5 och t\u00e4nka MER, inte mindre,\u00a0p\u00e5 detta. TTT = Tankar Tar Tid.<strong style=\"mso-bidi-font-weight: normal;\">\u00a0<\/strong><\/span><\/p>\n<p class=\"MsoNormal\" style=\"line-height: 14.25pt; margin: 0cm 0cm 10pt; mso-margin-top-alt: auto; mso-margin-bottom-alt: auto;\"><strong style=\"mso-bidi-font-weight: normal;\"><span style=\"mso-fareast-font-family: 'Times New Roman'; mso-fareast-language: SV; mso-ascii-font-family: Calibri; mso-hansi-font-family: Calibri; mso-ascii-theme-font: minor-latin; mso-hansi-theme-font: minor-latin;\">\u00c5rsringarna och tidsupplevelsen<br \/>\n<\/span><\/strong><span style=\"mso-ascii-font-family: Calibri; mso-hansi-font-family: Calibri; mso-ascii-theme-font: minor-latin; mso-hansi-theme-font: minor-latin;\">Jag m\u00e4rker hur jag som andra i min \u00e5lder h\u00e5ller p\u00e5 att bli allt mer noggrann med vad jag har min tid till. Det har inte ett dugg med framtiden att g\u00f6ra \u2013 jag vet visserligen om att varje dag nu utg\u00f6r en st\u00f6rre andel av min \u00e5terst\u00e5ende livsl\u00e4ngd \u00e4n vad en dag gjorde tidigare, men det \u00e4r inte som om det p\u00e5verkar inte min tidsupplevelse. I st\u00e4llet \u00e4r det inneh\u00e5llet i mina lagrade \u00e5rsringar som styr min tidsattityd.<br \/>\nEn \u00e5terv\u00e4ndsgr\u00e4nd, en blindtarm som jag redan varit inne i m\u00e5nga g\u00e5nger\u00a0&#8211; varf\u00f6r i allsin dar skulle jag l\u00e4gga tid p\u00e5 att g\u00e5 in i den EN G\u00c5NG TILL?\u00a0 Och varf\u00f6r skulle jag l\u00e4ngre anpassa mig till att finnas med ocks\u00e5 i sammanhang som jag tycker \u00e4r alldeles meningsl\u00f6sa? Det \u00e4r som om k\u00e4nsligheten f\u00f6r &#8221;m\u00e5l och mening&#8221; har \u00f6kat, och det hj\u00e4lper mig att h\u00e5lla kursen. B\u00e5de lusten och f\u00f6rm\u00e5gan att delta i s\u00e5dant som jag tycker \u00e4r meningsl\u00f6st har minskat h\u00f6gst v\u00e4sentligt. Ibland n\u00e4r s\u00e5dant \u00e4nd\u00e5 inte g\u00e5r att undvika \u00e4r det faktiskt p\u00e5 gr\u00e4nsen till outh\u00e4rdligt.\u00a0Fast i\u00a0v\u00e5r tid uttrycker man ju inte sina motviljor i termer av meningsl\u00f6shet eller outh\u00e4rdbarhet &#8211; man s\u00e4ger i st\u00e4llet &#8221;jag har inte tid&#8221; f\u00f6r att slippa ifr\u00e5n det. F\u00f6r vi har ju\u00a0f\u00e5tt f\u00f6r oss att vi kan skilja tiden fr\u00e5n livet och hantera tiden f\u00f6r sig och livet f\u00f6r sig. Det \u00e4r en tankekonstruktion som jag menar snarare f\u00f6rvillar \u00e4n klarg\u00f6r.<\/span><strong style=\"mso-bidi-font-weight: normal;\"><span style=\"mso-fareast-font-family: 'Times New Roman'; mso-fareast-language: SV; mso-ascii-font-family: Calibri; mso-hansi-font-family: Calibri; mso-ascii-theme-font: minor-latin; mso-hansi-theme-font: minor-latin;\">\u00a0<\/span><\/strong><\/p>\n<p style=\"line-height: 14.25pt;\"><em style=\"mso-bidi-font-style: normal;\"><span style=\"font-family: &quot;Calibri&quot;,&quot;sans-serif&quot;; font-size: 11pt; mso-ascii-theme-font: minor-latin; mso-hansi-theme-font: minor-latin;\">Hur som: uttryckt i tidstermer har jag nu i princip all tid i v\u00e4rlden f\u00f6r det som \u00e4r meningsfullt &#8211; men ingen tid alls till det meningsl\u00f6sa.<\/span><\/em><span style=\"font-family: &quot;Calibri&quot;,&quot;sans-serif&quot;; font-size: 11pt; mso-ascii-theme-font: minor-latin; mso-hansi-theme-font: minor-latin;\"> I praktiken blir det f\u00f6rst\u00e5s inte riktigt s\u00e5 &#8211; men vissa dagar kan jag komma bra n\u00e4ra. Och d\u00e5 (som idag) kan jag f\u00e5 en stark och rent fysisk k\u00e4nsla av det fina i att idag har jag kunnat vara &#8221;noga med tiden&#8221;, dvs med livet.<\/span><\/p>\n<p>\u00a0<\/p>\n<p style=\"line-height: 14.25pt;\"><strong style=\"mso-bidi-font-weight: normal;\"><span style=\"font-family: &quot;Calibri&quot;,&quot;sans-serif&quot;; font-size: 11pt; mso-ascii-theme-font: minor-latin; mso-hansi-theme-font: minor-latin;\">\u00c5rsringarna och tidsandan<br \/>\n<\/span><\/strong><span style=\"font-family: &quot;Calibri&quot;,&quot;sans-serif&quot;; color: black; font-size: 11pt; mso-ascii-theme-font: minor-latin; mso-hansi-theme-font: minor-latin;\">P\u00e5 m\u00e5nga s\u00e4tt \u00e4r \u00e4ldre m\u00e4nniskor\u00a0<em>f\u00f6re <\/em>sin tid. Vi i pensions\u00e5ldern var unga kring 1960-talet, s\u00e5 v\u00e5ra inre 20-\u00e5rsringar \u00e4r garanterat 1960-talspr\u00e4glade, inte 2010-talspr\u00e4glade. Nu \u00e4r vi bortemot de 70, och det \u00e4r andra som har 20-\u00e5rsringar daterade 2011.<br \/>\nSamtidigt finns det en f\u00f6rest\u00e4llning och ett spr\u00e5kbruk om att \u00e4ldre m\u00e4nniskor \u00e4r \u201defter\u201d sin tid. Egentligen faller det p\u00e5 sin egen orimlighet \u2013 man kan faktiskt inte vara \u201defter\u201d n\u00e4r man i realiteten ligger f\u00f6re utifr\u00e5n det man har i bagaget. Men vad man menar med att \u00e4ldre sl\u00e4par efter \u00e4r att vi inte l\u00e4gger oss i framkanten av det nya utan i st\u00e4llet f\u00f6rs\u00f6ker relatera allt nytt till det som varit tidigare.<br \/>\nOch det tar f\u00f6rst\u00e5s tid.<br \/>\n<\/span><span style=\"font-family: &quot;Calibri&quot;,&quot;sans-serif&quot;; color: black; font-size: 11pt; mso-ascii-theme-font: minor-latin; mso-hansi-theme-font: minor-latin;\">En snabb teknisk utveckling har nu under n\u00e5gra decennier ganska s\u00e5 h\u00e4nsynsl\u00f6st\u00a0riktat in sig p\u00e5 ton\u00e5ringar och yngre, dvs p\u00e5 dem som \u00e4r\u00a0n\u00e4stan bagagel\u00f6sa i livet. Ekonomiska realiteter h\u00e5ller p\u00e5 att \u00e4ndra p\u00e5 detta. Men samtidigt kan det vara viktigt att fundera \u00f6ver vad \u00e4ldres p\u00e5st\u00e5dda\u00a0\u201defterskap\u201d egentligen bestod i \u2013 och varf\u00f6r en hel kultur kunde bli s\u00e5 f\u00f6rblindad av sig sj\u00e4lv och sina nyheter att den trodde att f\u00f6rm\u00e5gan och lusten att st\u00e4ndigt uppdatera sig tekniskt var en s\u00e5 viktig kompetens att kunskaper och livserfarenheter blev irrelevanta.<\/span><\/p>\n<p style=\"line-height: 14.25pt;\"><strong style=\"mso-bidi-font-weight: normal;\"><span style=\"font-family: &quot;Calibri&quot;,&quot;sans-serif&quot;; color: black; font-size: 11pt; mso-ascii-theme-font: minor-latin; mso-hansi-theme-font: minor-latin;\">\u00c5rsringarnas relation till den fysiska omgivningen i nuet<br \/>\n<\/span><\/strong><span style=\"font-family: &quot;Calibri&quot;,&quot;sans-serif&quot;; font-size: 11pt; mso-ascii-theme-font: minor-latin; mso-hansi-theme-font: minor-latin;\">I somras fick jag tillbringa fyra dagar tillsammans med en av gl\u00e4djek\u00e4llorna i mitt liv. Hon &#8211; en n\u00e4ra v\u00e4n och en akademisk f\u00f6rebild i 90-\u00e5rs\u00e5ldern &#8211;\u00a0 visade mig den sommarmilj\u00f6 som var hennes d\u00e5 hon var barn, ung, medel\u00e5lders, 70-\u00e5ring&#8230; Det var s\u00e5 sl\u00e5ende hur hennes \u00e5terseende av milj\u00f6n (havet, v\u00e4xtligheten, husen, m\u00e4nniskorna,&#8230;) lockade fram minnen i henne som jag givetvis inte visste n\u00e5got om tidigare men som\u00a0inte heller hon sj\u00e4lv hade\u00a0haft n\u00e4rkontakt med p\u00e5 l\u00e4nge. &#8221;Bara&#8221; detta att \u00e5terv\u00e4nda till hennes hemtrakter i ordets djupaste mening gjorde allts\u00e5 att tidiga \u00e5rsringar i henne kom upp till ytan. Det f\u00f6r\u00e4ndrade och f\u00f6rdjupade f\u00f6rst\u00e5s ocks\u00e5 samtalet mellan oss.<strong style=\"mso-bidi-font-weight: normal;\"><span style=\"color: black;\">\u00a0<\/span><\/strong><\/span><\/p>\n<p style=\"line-height: 14.25pt;\"><strong style=\"mso-bidi-font-weight: normal;\"><span style=\"font-family: &quot;Calibri&quot;,&quot;sans-serif&quot;; font-size: 11pt; mso-ascii-theme-font: minor-latin; mso-hansi-theme-font: minor-latin;\">N\u00e4r \u00e5rsringarna blir fler f\u00f6r fler m\u00e4nniskor<br \/>\n<\/span><\/strong><span style=\"font-family: &quot;Calibri&quot;,&quot;sans-serif&quot;; font-size: 11pt; mso-ascii-theme-font: minor-latin; mso-hansi-theme-font: minor-latin;\">Den samtida demografiska utvecklingen d\u00e4r fler m\u00e4nniskor blir b\u00e5de 90 och 100 f\u00f6r\u00e4ndrar rimligen mycket i detta <em style=\"mso-bidi-font-style: normal;\">att vara m\u00e4nniska. <\/em>Det blir fler \u00e5rsringar som kan v\u00e4xelverka med varandra, och samspelet kommer att ske \u00f6ver l\u00e4ngre tid. N\u00e4r minnena fr\u00e5n 30-\u00e5rs\u00e5ldern kan p\u00e5verka dig p\u00e5 skilda s\u00e4tt b\u00e5de som 50-\u00e5ring och 100-\u00e5ring och under tiden d\u00e4r emellan, blir kanske <em style=\"mso-bidi-font-style: normal;\">sj\u00e4lva livet mer tidl\u00f6st<\/em>? F\u00f6r p\u00e5verkan g\u00e5r ju p\u00e5 b\u00e5da h\u00e5llen: vi f\u00e5r inte bara tillg\u00e5ng till v\u00e5ra tidiga minnen utan bem\u00e4nger ocks\u00e5 dessa med perspektiv som vi om\u00f6jligt kan ha haft d\u00e5.<br \/>\nN\u00e4r jag nu snart \u00e4r 69, har min minnesbild av mig sj\u00e4lv som 34,5-\u00e5ring hunnit berikas med 34,5 \u00e5r av efterhandsupplevelser. Detta liksom alla andra retroaktiva kompletteringar och omv\u00e4rderingar kommer kanske med tiden att g\u00f6ra mitt liv allt mer tidl\u00f6st. Samtidigt s\u00e4ger prognoserna att det fram\u00f6ver att bli bli betydligt vanligare \u00e4n i dag att det ocks\u00e5 finns de som \u00e4r 69+34,5, dvs 103,5 \u00e5r. <em style=\"mso-bidi-font-style: normal;\">N\u00e4r en st\u00f6rre andel av befolkningen f\u00e5r mer tidl\u00f6sa liv kommer ocks\u00e5 kulturen att p\u00e5verkas.<\/em> Hur d\u00e5, tror du?<\/span><\/p>\n<p style=\"line-height: 14.25pt;\"><strong style=\"mso-bidi-font-weight: normal;\"><span style=\"font-family: &quot;Calibri&quot;,&quot;sans-serif&quot;; font-size: 11pt; mso-ascii-theme-font: minor-latin; mso-hansi-theme-font: minor-latin;\">Ett fortsatt samtal utifr\u00e5n \u00e5rsringar<br \/>\n<\/span><\/strong><span style=\"font-family: &quot;Calibri&quot;,&quot;sans-serif&quot;; font-size: 11pt; mso-ascii-theme-font: minor-latin; mso-hansi-theme-font: minor-latin;\">Sedan jag ber\u00e4ttade om \u00e5rsringar i \u201dVinter i P1\u201d p\u00e5 ny\u00e5rsdagen 2011 och sedan skrev om dem i \u201dKap 2. Vi och v\u00e5ra \u00e5rsringar\u201d i \u201dN\u00e4r horisonten flyttar sig \u2013 att bli gammal i en ny tid\u201d har jag f\u00e5tt vara med om hur tankepositionerna flyttats fram, m\u00e5nad efter m\u00e5nad, med just \u00e5rsrings-begreppet som h\u00e4vst\u00e5ng. Nu hoppas jag att vi kan forts\u00e4tta samtalet h\u00e4r!\u00a0<span style=\"mso-spacerun: yes;\">\u00a0<\/span><span style=\"mso-spacerun: yes;\">\u00a0<\/span><span style=\"mso-spacerun: yes;\">\u00a0<\/span><span style=\"mso-spacerun: yes;\">\u00a0<\/span><span style=\"mso-spacerun: yes;\">\u00a0<\/span><span style=\"mso-spacerun: yes;\">\u00a0<\/span><\/span><\/p>\n<p style=\"line-height: 14.25pt;\"><span style=\"font-family: &quot;Calibri&quot;,&quot;sans-serif&quot;; font-size: 11pt; mso-ascii-theme-font: minor-latin; mso-hansi-theme-font: minor-latin;\"><span style=\"mso-spacerun: yes;\">Allt gott<\/span><\/span><\/p>\n<p style=\"line-height: 14.25pt;\"><span style=\"font-family: &quot;Calibri&quot;,&quot;sans-serif&quot;; font-size: 11pt; mso-ascii-theme-font: minor-latin; mso-hansi-theme-font: minor-latin;\"><span style=\"mso-spacerun: yes;\">Bodil<\/span><\/span><span style=\"font-family: &quot;Calibri&quot;,&quot;sans-serif&quot;; font-size: 11pt; mso-ascii-theme-font: minor-latin; mso-hansi-theme-font: minor-latin;\">\u00a0<\/span><\/p>\n<p class=\"MsoNormal\" style=\"margin: 0cm 0cm 10pt;\"><span style=\"mso-ascii-font-family: Calibri; mso-hansi-font-family: Calibri; mso-ascii-theme-font: minor-latin; mso-hansi-theme-font: minor-latin;\"><span style=\"font-family: Calibri; font-size: small;\">\u00a0<\/span><\/span><\/p>\n<p>\u00a0<\/p>\n<div id=\"_mcePaste\" class=\"mcePaste\" style=\"position: absolute; width: 1px; height: 1px; overflow: hidden; top: 0px; left: -10000px;\">\ufeff<\/div>\n","protected":false},"excerpt":{"rendered":"<p>Vi m\u00e4nniskor har visserligen inte \u00e5rsringar p\u00e5 samma s\u00e4tt som tr\u00e4den \u2013 men l\u00e5t oss \u00e4nd\u00e5 prova att leka med tankkonstruktionen att ocks\u00e5 vi har \u00e5rsringar, immateriella s\u00e5dana. De \u00e4r inte bara statiska utan kan ocks\u00e5 v\u00e4xelverka med varandra. V\u00e5r &hellip;<\/p>\n<p class=\"read-more\"> <a class=\"more-link\" href=\"https:\/\/bodiljonsson.se\/blog\/1-arsringar-kvantitativt-och-kvalitativt\"> <span class=\"screen-reader-text\">01. \u00c5rsringar, kvalitativt och kvantitativt<\/span> L\u00e4s mer &raquo;<\/a><\/p>\n","protected":false},"author":2,"featured_media":0,"parent":0,"menu_order":0,"comment_status":"open","ping_status":"open","template":"","meta":{"footnotes":""},"class_list":["post-208","page","type-page","status-publish","hentry"],"_links":{"self":[{"href":"https:\/\/bodiljonsson.se\/blog\/wp-json\/wp\/v2\/pages\/208","targetHints":{"allow":["GET"]}}],"collection":[{"href":"https:\/\/bodiljonsson.se\/blog\/wp-json\/wp\/v2\/pages"}],"about":[{"href":"https:\/\/bodiljonsson.se\/blog\/wp-json\/wp\/v2\/types\/page"}],"author":[{"embeddable":true,"href":"https:\/\/bodiljonsson.se\/blog\/wp-json\/wp\/v2\/users\/2"}],"replies":[{"embeddable":true,"href":"https:\/\/bodiljonsson.se\/blog\/wp-json\/wp\/v2\/comments?post=208"}],"version-history":[{"count":6,"href":"https:\/\/bodiljonsson.se\/blog\/wp-json\/wp\/v2\/pages\/208\/revisions"}],"predecessor-version":[{"id":239,"href":"https:\/\/bodiljonsson.se\/blog\/wp-json\/wp\/v2\/pages\/208\/revisions\/239"}],"wp:attachment":[{"href":"https:\/\/bodiljonsson.se\/blog\/wp-json\/wp\/v2\/media?parent=208"}],"curies":[{"name":"wp","href":"https:\/\/api.w.org\/{rel}","templated":true}]}}